{"id":908,"date":"2022-02-03T17:46:30","date_gmt":"2022-02-03T16:46:30","guid":{"rendered":"https:\/\/www.jachtservice-junior.de\/?page_id=908"},"modified":"2026-02-23T19:38:52","modified_gmt":"2026-02-23T18:38:52","slug":"sportbootfuehrerschein-binnen","status":"publish","type":"page","link":"https:\/\/www.jachtservice-junior.de\/index.php\/sportbootfuehrerschein-binnen\/","title":{"rendered":"SBF-BINNEN"},"content":{"rendered":"\n<h1 class=\"wp-block-heading has-text-align-center\" style=\"font-size:59px\"><strong><span style=\"background-color:rgba(0, 0, 0, 0)\" class=\"has-inline-color has-vivid-green-cyan-color\">SBF-Binnen<\/span><\/strong><\/h1>\n\n\n\n<p class=\"has-text-align-center\"><br>Der Sportbootf\u00fchrerschein-Binnen gilt auf den Binnenwasserstra\u00dfen der Bundesrepublik Deutschland. <br>Auch er wird weltweit anerkannt. <br>Wenn man schon den Sportbootf\u00fchrerschein-See hat, <br>braucht man f\u00fcr den Binnenf\u00fchrerschein keine praktische Pr\u00fcfung mehr <br> und die ersten 72 Fragen des Fragenkataloges Binnen entfallen!<\/p>\n\n\n\n<h2 class=\"wp-block-heading alignwide has-text-align-center\" id=\"we-re-a-studio-in-berlin-with-an-international-practice-in-architecture-urban-planning-and-interior-design-we-believe-in-sharing-knowledge-and-promoting-dialogue-to-increase-the-creative-potential-of-collaboration\" style=\"font-size:48px;line-height:1.1\"><strong>Der neue Kursus<\/strong><br><strong>findet im Juni<\/strong> <strong>2026 statt<\/strong>!<\/h2>\n\n\n\n<h2 class=\"wp-block-heading has-text-align-center\" style=\"font-size:50px\"><\/h2>\n\n\n\n<p class=\"has-text-align-center has-black-color has-text-color\" style=\"font-size:36px\"><strong>Jetzt fest anmelden!<\/strong><\/p>\n\n\n\n<h2 class=\"wp-block-heading has-text-align-center\" style=\"font-size:36px;font-style:normal;font-weight:600;text-transform:none\">E<strong>s sind noch Pl\u00e4tze frei!<\/strong><br><br><\/h2>\n\n\n\n<h2 class=\"wp-block-heading has-text-align-center\" style=\"font-size:40px\"><strong>Dann hast auch DU den <\/strong><\/h2>\n\n\n\n<h2 class=\"wp-block-heading has-text-align-center\" style=\"font-size:40px\"><strong>SBF-Binnen<\/strong> <\/h2>\n\n\n\n<h2 class=\"wp-block-heading has-text-align-center\" style=\"font-size:40px\"><strong>rechtzeitig<\/strong><strong> <\/strong><\/h2>\n\n\n\n<h2 class=\"wp-block-heading has-text-align-center\" style=\"font-size:40px\"><strong> in der Tasche!<\/strong><br><br><br><\/h2>\n\n\n\n<p><strong><a href=\"https:\/\/www.jachtservice-junior.de\/wp-content\/uploads\/2023\/10\/Vertrag-Binnen_2023-10.pdf\" target=\"_blank\" rel=\"noreferrer noopener\">Anmeldeformular &#8222;Binnen&#8220; hier herunterladen<\/a><\/strong> <strong>ausdrucken &#8211; ausf\u00fcllen &#8211; zu mir mailen<\/strong><\/p>\n","protected":false},"excerpt":{"rendered":"<p>SBF-Binnen Der Sportbootf\u00fchrerschein-Binnen gilt auf den Binnenwasserstra\u00dfen der Bundesrepublik Deutschland. Auch er wird weltweit anerkannt. Wenn man schon den Sportbootf\u00fchrerschein-See hat, braucht man f\u00fcr den Binnenf\u00fchrerschein keine praktische Pr\u00fcfung mehr<\/p>\n","protected":false},"author":2,"featured_media":0,"parent":0,"menu_order":0,"comment_status":"closed","ping_status":"closed","template":"","meta":{"footnotes":""},"class_list":["post-908","page","type-page","status-publish","hentry"],"_links":{"self":[{"href":"https:\/\/www.jachtservice-junior.de\/index.php\/wp-json\/wp\/v2\/pages\/908"}],"collection":[{"href":"https:\/\/www.jachtservice-junior.de\/index.php\/wp-json\/wp\/v2\/pages"}],"about":[{"href":"https:\/\/www.jachtservice-junior.de\/index.php\/wp-json\/wp\/v2\/types\/page"}],"author":[{"embeddable":true,"href":"https:\/\/www.jachtservice-junior.de\/index.php\/wp-json\/wp\/v2\/users\/2"}],"replies":[{"embeddable":true,"href":"https:\/\/www.jachtservice-junior.de\/index.php\/wp-json\/wp\/v2\/comments?post=908"}],"version-history":[{"count":72,"href":"https:\/\/www.jachtservice-junior.de\/index.php\/wp-json\/wp\/v2\/pages\/908\/revisions"}],"predecessor-version":[{"id":1623,"href":"https:\/\/www.jachtservice-junior.de\/index.php\/wp-json\/wp\/v2\/pages\/908\/revisions\/1623"}],"wp:attachment":[{"href":"https:\/\/www.jachtservice-junior.de\/index.php\/wp-json\/wp\/v2\/media?parent=908"}],"curies":[{"name":"wp","href":"https:\/\/api.w.org\/{rel}","templated":true}]}}