{"id":903,"date":"2022-02-03T17:39:54","date_gmt":"2022-02-03T16:39:54","guid":{"rendered":"https:\/\/www.jachtservice-junior.de\/?page_id=903"},"modified":"2026-03-31T21:53:54","modified_gmt":"2026-03-31T19:53:54","slug":"sportbootfuehrerschein-see","status":"publish","type":"page","link":"https:\/\/www.jachtservice-junior.de\/index.php\/sportbootfuehrerschein-see\/","title":{"rendered":"SBF-SEE"},"content":{"rendered":"\n<h2 class=\"wp-block-heading has-text-align-center has-vivid-cyan-blue-color has-text-color has-link-color wp-elements-44ee3bdee0f26203179d4c820ae75d62\" style=\"font-size:36px;font-style:normal;font-weight:800\">SBF <span style=\"background-color:rgba(0, 0, 0, 0)\" class=\"has-inline-color has-vivid-cyan-blue-color\">See \/ K\u00fcste<\/span>: <\/h2>\n\n\n\n<h2 class=\"wp-block-heading has-text-align-center has-vivid-cyan-blue-color has-text-color has-link-color wp-elements-d29e0daeeb8fc3666be0ba1993e4247a\" style=\"font-size:36px;font-style:normal;font-weight:800\">n\u00e4chstes Seminar ab Juni 2026<\/h2>\n\n\n\n<p class=\"has-text-align-center has-vivid-red-color has-text-color has-link-color has-medium-font-size wp-elements-e5609aec52c595b09b3d528afc1f30a7\">Melden sie sich jetzt an!<\/p>\n\n\n\n<p class=\"has-text-align-center has-vivid-red-color has-text-color has-link-color has-medium-font-size wp-elements-8ccf82d3b996345dc158fbdd88ea8c6c\">Es sind noch Pl\u00e4tze frei!<\/p>\n\n\n\n<p class=\"has-text-align-center\">vorher unbedingt per e-mail anmelden damit ich dich zu den ZOOM-Sitzungen einladen kann!<\/p>\n\n\n\n<p class=\"has-text-align-center\">Der Sportbootf\u00fchrerschein mit dem Geltungsbereich Seeschifffahrtsstra\u00dfen ist ein amtlicher Schein, der zum F\u00fchren von Sportbooten mit Antriebsmaschine von mehr als 15 PS auf den Seeschifffahrtsstra\u00dfen vorgeschrieben ist. Er gilt auf dem K\u00fcstenmeer der deutschen Nord- und Ostsee, auf der Eider, dem Nord-Ostsee Kanal und den Fl\u00fcssen Elbe\/Weser\/ Ems bis zu den gro\u00dfen Hafenst\u00e4dten ohne L\u00e4ngenbegrenzung und wird weltweit anerkannt. <br><br>Meine Seminare f\u00fchre ich online auf der bew\u00e4hrten &#8222;ZOOM&#8220;-Plattform im Internet durch. <\/p>\n\n\n\n<div class=\"wp-block-group is-vertical is-layout-flex wp-container-core-group-is-layout-1 wp-block-group-is-layout-flex\">\n<p class=\"has-text-align-center\">Sie brauchen nicht zu fahren! Sie machen den Kursus bequem von zu Hause aus, in Ihrem Wohnzimmer!<\/p>\n<\/div>\n\n\n\n<p class=\"has-text-align-center\"><\/p>\n\n\n\n<p>.<br><\/p>\n\n\n\n<p><\/p>\n\n\n\n<h2 class=\"wp-block-heading has-text-align-center has-vivid-red-color has-text-color\" style=\"font-size:50px\"><strong>Online-Kurse<\/strong>; <\/h2>\n\n\n\n<h2 class=\"wp-block-heading has-text-align-center has-vivid-red-color has-text-color has-large-font-size\" style=\"font-style:normal;font-weight:500\">hybrider Unterricht: <\/h2>\n\n\n\n<h2 class=\"wp-block-heading has-text-align-center has-vivid-red-color has-text-color has-medium-font-size\" style=\"font-style:normal;font-weight:500\">Wie Pr\u00e4senzunterricht; <\/h2>\n\n\n\n<h2 class=\"wp-block-heading has-text-align-center has-vivid-red-color has-text-color has-medium-font-size\" style=\"font-style:normal;font-weight:500\">Sie k\u00f6nnen ganz individuell zwischendurch Fragen stellen: <\/h2>\n\n\n\n<h2 class=\"wp-block-heading has-text-align-center has-vivid-red-color has-text-color has-medium-font-size\" style=\"font-style:normal;font-weight:500\">Ich gebe sofort die entsprechenden Antworten. <\/h2>\n\n\n\n<h2 class=\"wp-block-heading has-text-align-center has-vivid-red-color has-text-color has-medium-font-size\" style=\"font-style:normal;font-weight:500\">Bei den Navigationsaufgaben <\/h2>\n\n\n\n<h2 class=\"wp-block-heading has-text-align-center has-vivid-red-color has-text-color has-medium-font-size\" style=\"font-style:normal;font-weight:500\">k\u00f6nnen Sie am Bildschirm den Fortgang verfolgen! <\/h2>\n\n\n\n<h2 class=\"wp-block-heading has-text-align-center has-vivid-red-color has-text-color has-medium-font-size\" style=\"font-style:normal;font-weight:500\">Sie bestimmen die Geschwindigkeit! <\/h2>\n\n\n\n<h2 class=\"wp-block-heading has-text-align-center has-vivid-red-color has-text-color has-medium-font-size\" style=\"font-style:normal;font-weight:500\">Sie sehen, wie ich in der Seekarte die Kurse einzeichne <\/h2>\n\n\n\n<h2 class=\"wp-block-heading has-text-align-center has-vivid-red-color has-text-color has-medium-font-size\" style=\"font-style:normal;font-weight:500\">oder die Himmelsrichtungen ausmesse. <\/h2>\n\n\n\n<h2 class=\"wp-block-heading has-text-align-center has-vivid-red-color has-text-color has-medium-font-size\" style=\"font-style:normal;font-weight:500\">Und das alles bei Ihnen zu Hause auf Ihrem eigenen gro\u00dfen Bildschirm!<\/h2>\n\n\n\n<p><\/p>\n\n\n\n<p><\/p>\n\n\n\n<h2 class=\"wp-block-heading has-text-align-center has-vivid-red-color has-text-color has-large-font-size\">Na, wenn dat nix is?!<\/h2>\n\n\n\n<p>.<\/p>\n\n\n\n<h2 class=\"wp-block-heading has-text-align-center has-vivid-red-color has-text-color has-large-font-size\"><strong>Das Erfolgsrezept<\/strong><\/h2>\n\n\n\n<div class=\"wp-block-group is-horizontal is-content-justification-center is-layout-flex wp-container-core-group-is-layout-3 wp-block-group-is-layout-flex\">\n<p class=\"has-text-align-center has-vivid-red-color has-text-color\" style=\"font-size:36px\"><strong>der<\/strong> <strong>Sportbootschule Junior<\/strong><\/p>\n\n\n\n<div class=\"wp-block-group is-content-justification-center is-layout-flex wp-container-core-group-is-layout-2 wp-block-group-is-layout-flex\"><\/div>\n<\/div>\n\n\n\n<p>.<\/p>\n\n\n\n<p>.<\/p>\n\n\n\n<h2 class=\"wp-block-heading has-text-align-center has-vivid-red-color has-text-color\" style=\"font-size:40px\"><strong>Bei mindestens 20 Teilnehmern <\/strong><\/h2>\n\n\n\n<p class=\"has-text-align-center has-vivid-red-color has-text-color has-link-color has-large-font-size wp-elements-58163d8593f6f23735a8aacafde21d16\"><strong>kommen die Pr\u00fcfer zu mir, <\/strong><\/p>\n\n\n\n<h2 class=\"wp-block-heading has-text-align-center has-vivid-red-color has-text-color\" style=\"font-size:40px\"><strong>so dass Teilnehmer von der Westk\u00fcste <\/strong><\/h2>\n\n\n\n<h2 class=\"wp-block-heading has-text-align-center has-vivid-red-color has-text-color\" style=\"font-size:40px\"><strong>kurze Wege haben!<\/strong><br><br><\/h2>\n\n\n\n<h2 class=\"wp-block-heading has-text-align-center has-vivid-red-color has-text-color has-huge-font-size\">++++++++++<br><br> <\/h2>\n\n\n\n<h2 class=\"wp-block-heading has-text-align-center has-vivid-red-color has-text-color\" style=\"font-size:36px\"><strong>Der n\u00e4chste Kursus <\/strong><\/h2>\n\n\n\n<h2 class=\"wp-block-heading has-text-align-center has-vivid-red-color has-text-color has-medium-font-size\"><strong>startet im Juni <\/strong><\/h2>\n\n\n\n<p class=\"has-medium-font-size\"><\/p>\n\n\n\n<p class=\"has-text-align-center has-vivid-red-color has-text-color has-link-color wp-elements-316fb606dc3fd024e0322189776db69a\" style=\"font-size:24px\"><strong>.<\/strong><\/p>\n\n\n\n<p class=\"has-text-align-center has-vivid-red-color has-text-color\" style=\"font-size:40px\"><strong> <\/strong><\/p>\n\n\n\n<h2 class=\"wp-block-heading has-text-align-center has-vivid-red-color has-text-color\" style=\"font-size:60px\"><\/h2>\n\n\n\n<div class=\"wp-block-group\"><div class=\"wp-block-group__inner-container is-layout-constrained wp-block-group-is-layout-constrained\">\n<blockquote class=\"wp-block-quote is-layout-flow wp-block-quote-is-layout-flow\">\n<h2 class=\"wp-block-heading has-text-align-center has-black-color has-text-color has-link-color wp-elements-d8dc5b565cff925872536abb46f81b52\" style=\"font-size:35px\"><strong>Dazu ben\u00f6tige ich von allen Interessenten unbedingt die E-mail Adresse, damit ich sie einladen kann!<\/strong><\/h2>\n\n\n\n<h2 class=\"wp-block-heading has-text-align-center has-black-color has-text-color has-link-color wp-elements-3cce261e40a6fa87acec22c77b67f7b5\" style=\"font-size:30px\"><br><strong>Vorher mache ich auf ZOOM <\/strong><\/h2>\n\n\n\n<p class=\"has-text-align-center has-black-color has-text-color has-link-color wp-elements-bbd7ec09f0e2ae781aaf4d0463e37d4d\" style=\"font-size:30px\">.<strong> <\/strong><\/p>\n\n\n\n<p class=\"has-text-align-center has-black-color has-text-color has-link-color wp-elements-0113bbac0187a7123002fadf91dee527\" style=\"font-size:30px\"><strong>eine Online-Besprechung <\/strong><\/p>\n\n\n\n<p class=\"has-text-align-center has-black-color has-text-color has-link-color wp-elements-47e9be3560c6e6179d93edeb25a4289d\" style=\"font-size:30px\"><strong>zum weiteren Ablauf. <\/strong><\/p>\n\n\n\n<p class=\"has-text-align-center\" style=\"font-size:35px\"><\/p>\n<\/blockquote>\n<\/div><\/div>\n\n\n\n<p>.<\/p>\n\n\n\n<h2 class=\"wp-block-heading has-text-align-center\" style=\"font-size:36px\"><strong>Ausbildung  <\/strong><\/h2>\n\n\n\n<h2 class=\"wp-block-heading has-text-align-center\" style=\"font-size:36px\"><strong>dienstags und donnerstags 20Uhr!<\/strong><br><br><br><\/h2>\n\n\n\n<h2 class=\"wp-block-heading has-text-align-center has-vivid-red-color has-text-color has-link-color wp-elements-c262893d708a738af2fc255d177b5193\" style=\"font-size:50px\"><strong>Rechtzeitig <\/strong><\/h2>\n\n\n\n<h2 class=\"wp-block-heading has-text-align-center has-vivid-red-color has-text-color has-link-color wp-elements-b35bca69f90a0dd7d618a8d3e604bf94\" style=\"font-size:50px\"><strong>anmelden, <\/strong><br><\/h2>\n\n\n\n<h2 class=\"wp-block-heading has-text-align-center has-vivid-red-color has-text-color has-link-color wp-elements-a1b1dc8f9380c70f69f5e20b5627577a\" style=\"font-size:50px\"><strong>m\u00f6glichst <\/strong><\/h2>\n\n\n\n<h2 class=\"wp-block-heading has-text-align-center has-vivid-red-color has-text-color has-link-color wp-elements-cebbc451bc6e6f137494859c2cafad18\" style=\"font-size:50px\"><strong>noch heute <\/strong><br><br><strong>damit Ihr <\/strong><\/h2>\n\n\n\n<h2 class=\"wp-block-heading has-text-align-center has-vivid-red-color has-text-color has-link-color wp-elements-6ceec6234c4dedf12348c74451645e6d\" style=\"font-size:50px\"><strong>mitmachen <\/strong><\/h2>\n\n\n\n<h2 class=\"wp-block-heading has-text-align-center has-vivid-red-color has-text-color has-link-color wp-elements-533870523b53b7948845a3016e673c4c\" style=\"font-size:50px\"><strong>k\u00f6nnt! <\/strong> <\/h2>\n\n\n\n<p>.<\/p>\n\n\n\n<p class=\"has-text-align-center\" style=\"font-size:45px\"><br><strong>Dann habt ihr <\/strong><\/p>\n\n\n\n<p class=\"has-text-align-center\" style=\"font-size:45px\"><strong>noch in dieser Saison den <\/strong><\/p>\n\n\n\n<p class=\"has-text-align-center\" style=\"font-size:45px\"><strong>F\u00fchrerschein!<\/strong><\/p>\n\n\n\n<p class=\"has-text-align-center\" style=\"font-size:50px\"><\/p>\n\n\n\n<p>.  <\/p>\n\n\n\n<h2 class=\"wp-block-heading has-text-align-center\" style=\"font-size:50px\"><strong><a href=\"https:\/\/www.jachtservice-junior.de\/wp-content\/uploads\/2025\/09\/1-Ausbildungsvereinbarung-See-2025-09-oB-online.pdf\">Hier anmelden<\/a>!<\/strong><\/h2>\n\n\n\n<p>.<\/p>\n\n\n\n<h1 class=\"wp-block-heading has-text-align-center\" style=\"font-size:40px\"><strong>Seminargeb\u00fchr: 299,-\u20ac<\/strong><\/h1>\n\n\n\n<h2 class=\"wp-block-heading has-text-align-center\" style=\"font-size:64px\"><\/h2>\n\n\n\n<p><\/p>\n\n\n\n<p class=\"has-text-align-center has-vivid-red-color has-text-color\" style=\"font-size:40px\"><\/p>\n\n\n\n<p class=\"has-text-align-center has-vivid-red-color has-text-color\" style=\"font-size:40px\"><\/p>\n\n\n\n<p class=\"has-medium-font-size\"><a href=\"https:\/\/www.jachtservice-junior.de\/wp-content\/uploads\/2025\/09\/1-Ausbildungsvereinbarung-See-2025-09-oB-online.pdf\"><strong>Anmeldung &#8222;SEE&#8220; hier herunterladen<\/strong> <\/a>&#8211; ausdrucken &#8211; ausf\u00fcllen &#8211; zu mir mailen<\/p>\n\n\n\n<p style=\"font-size:19px\"><strong><a href=\"https:\/\/www.sportbootfuehrerscheine.org\/pruefungen\/pruefungsausschuesse\/kiel\/\" target=\"_blank\" rel=\"noreferrer noopener\">Link zum Pr\u00fcfungsausschuss Kiel des DSV<\/a><\/strong><\/p>\n\n\n\n<p><\/p>\n","protected":false},"excerpt":{"rendered":"<p>SBF See \/ K\u00fcste: n\u00e4chstes Seminar ab Juni 2026 Melden sie sich jetzt an! Es sind noch Pl\u00e4tze frei! vorher unbedingt per e-mail anmelden damit ich dich zu den ZOOM-Sitzungen<\/p>\n","protected":false},"author":2,"featured_media":0,"parent":0,"menu_order":0,"comment_status":"closed","ping_status":"closed","template":"","meta":{"footnotes":""},"class_list":["post-903","page","type-page","status-publish","hentry"],"_links":{"self":[{"href":"https:\/\/www.jachtservice-junior.de\/index.php\/wp-json\/wp\/v2\/pages\/903"}],"collection":[{"href":"https:\/\/www.jachtservice-junior.de\/index.php\/wp-json\/wp\/v2\/pages"}],"about":[{"href":"https:\/\/www.jachtservice-junior.de\/index.php\/wp-json\/wp\/v2\/types\/page"}],"author":[{"embeddable":true,"href":"https:\/\/www.jachtservice-junior.de\/index.php\/wp-json\/wp\/v2\/users\/2"}],"replies":[{"embeddable":true,"href":"https:\/\/www.jachtservice-junior.de\/index.php\/wp-json\/wp\/v2\/comments?post=903"}],"version-history":[{"count":242,"href":"https:\/\/www.jachtservice-junior.de\/index.php\/wp-json\/wp\/v2\/pages\/903\/revisions"}],"predecessor-version":[{"id":1627,"href":"https:\/\/www.jachtservice-junior.de\/index.php\/wp-json\/wp\/v2\/pages\/903\/revisions\/1627"}],"wp:attachment":[{"href":"https:\/\/www.jachtservice-junior.de\/index.php\/wp-json\/wp\/v2\/media?parent=903"}],"curies":[{"name":"wp","href":"https:\/\/api.w.org\/{rel}","templated":true}]}}