{"id":138,"date":"2019-05-13T16:23:49","date_gmt":"2019-05-13T14:23:49","guid":{"rendered":"https:\/\/www.katrinskueche.de\/?page_id=138"},"modified":"2025-10-23T18:52:42","modified_gmt":"2025-10-23T16:52:42","slug":"termine-kurse","status":"publish","type":"page","link":"https:\/\/www.jachtservice-junior.de\/index.php\/termine-kurse\/","title":{"rendered":"Kursangebote"},"content":{"rendered":"\n<div class=\"wp-block-group\"><div class=\"wp-block-group__inner-container is-layout-flow wp-block-group-is-layout-flow\">\n<h1 class=\"wp-block-heading has-text-align-center has-vivid-red-color has-text-color\">Die Kurse finden in Form von &#8222;hybridem Unterricht&#8220; auf der bew\u00e4hrten Internet-Plattform ZOOM statt. <\/h1>\n\n\n\n<h2 class=\"wp-block-heading has-text-align-center has-vivid-red-color has-text-color has-large-font-size\" style=\"font-style:normal;font-weight:500\">Wie Pr\u00e4senzunterricht; <\/h2>\n\n\n\n<h2 class=\"wp-block-heading has-text-align-center has-vivid-red-color has-text-color has-medium-font-size\" style=\"font-style:normal;font-weight:500\">K\u00f6nnen Sie ganz individuell fragen:<\/h2>\n\n\n\n<h2 class=\"wp-block-heading has-text-align-center has-vivid-red-color has-text-color has-medium-font-size\" style=\"font-style:normal;font-weight:500\">Ich gebe die entsprechenden Antworten. <\/h2>\n\n\n\n<h2 class=\"wp-block-heading has-text-align-center has-vivid-red-color has-text-color has-medium-font-size\" style=\"font-style:normal;font-weight:500\">Bei den Navigationsaufgaben <\/h2>\n\n\n\n<h2 class=\"wp-block-heading has-text-align-center has-vivid-red-color has-text-color has-medium-font-size\" style=\"font-style:normal;font-weight:500\">k\u00f6nnen Sie am Bildschirm den Fortgang verfolgen und Fragen stellen!<\/h2>\n\n\n\n<h2 class=\"wp-block-heading has-text-align-center has-vivid-red-color has-text-color has-medium-font-size\" style=\"font-style:normal;font-weight:500\">Sie bestimmen die Geschwindigkeit! <\/h2>\n\n\n\n<h2 class=\"wp-block-heading has-text-align-center has-vivid-red-color has-text-color has-medium-font-size\" style=\"font-style:normal;font-weight:500\">Sie sehen, wie ich in der Seekarte die Kurse einzeichne <\/h2>\n\n\n\n<h2 class=\"wp-block-heading has-text-align-center has-vivid-red-color has-text-color has-medium-font-size\" style=\"font-style:normal;font-weight:500\">oder die Himmelsrichtungen ausmesse. <\/h2>\n\n\n\n<h2 class=\"wp-block-heading has-text-align-center has-vivid-red-color has-text-color has-medium-font-size\" style=\"font-style:normal;font-weight:500\">Und das alles bei Ihnen zu Hause auf Ihrem eigenen gro\u00dfen Bildschirm!<\/h2>\n\n\n\n<h1 class=\"wp-block-heading has-text-align-center has-vivid-red-color has-text-color\"><strong>Die bisherigen Online-Seminare waren alle absolut erfolgreich! <\/strong><\/h1>\n\n\n\n<h1 class=\"wp-block-heading has-text-align-center has-vivid-red-color has-text-color\"><strong>Der Erfolg gibt online-Ausbildung recht.<\/strong><\/h1>\n\n\n\n<h1 class=\"wp-block-heading has-text-align-center has-vivid-red-color has-text-color\"><strong>Super-Ergebnisse!!<\/strong><\/h1>\n<\/div><\/div>\n\n\n\n<h2 class=\"wp-block-heading has-text-align-center has-vivid-red-color has-text-color\" style=\"font-size:43px\"><span style=\"background-color:rgba(0, 0, 0, 0)\" class=\"has-inline-color has-vivid-red-color\"><\/span><\/h2>\n\n\n\n<p><\/p>\n\n\n\n<p class=\"has-text-align-center\">Bekannt nicht nur in ganz Dithmarschen und Nordfriesland: <br>Heide, Hennstedt, Tellingstedt, Brunsb\u00fcttel, Marne, Meldorf, B\u00fcsum, Wesselburen,<br>Husum, Friedrichstadt, T\u00f6nning, Bredstedt, Nieb\u00fcll, Amrum, F\u00f6hr und <br>\u00fcberall wo nachgefragt wird.<br>Vom NOK bis D\u00e4nemark!<\/p>\n\n\n\n<p><strong>Anmeldung zu den neuen Kursen unter: <\/strong><br><strong><a href=\"mailto:%20ruediger.junior@t-online.de\">e-mail an: ruediger.junior@t-online.de <\/a><\/strong><br><strong>oder Tel. 04882-1333<\/strong><br><br><br><\/p>\n\n\n\n<p><\/p>\n\n\n\n<div class=\"wp-block-group is-nowrap is-layout-flex wp-container-core-group-is-layout-2 wp-block-group-is-layout-flex\">\n<h2 class=\"wp-block-heading\"><strong>Pr\u00fcfungsort f\u00fcr die Theorie-Pr\u00fcfungen:<\/strong> <\/h2>\n\n\n\n<p class=\"has-medium-font-size\">Bei ausreichender Teilnehmerzahl<\/p>\n<\/div>\n\n\n\n<p><\/p>\n\n\n\n<p class=\"has-medium-font-size\"><strong>Haus des Gastes <br>25774 Krempel b. Lunden, <\/strong><br><strong>Tannenweg 2a<br><\/strong><br><br><a href=\"https:\/\/www.google.com\/maps\/place\/Haus+des+Gastes\/@54.321977,9.0267916,15z\/data=!4m5!3m4!1s0x0:0x8399124efb862e85!8m2!3d54.321977!4d9.0267916\" target=\"_blank\" rel=\"noreferrer noopener\"><strong>Den Lageplan finden Sie hier <\/strong><\/a><br><br><br><\/p>\n\n\n\n<h1 class=\"wp-block-heading has-text-align-center\" style=\"font-size:50px\"><span style=\"background-color:rgba(0, 0, 0, 0)\" class=\"has-inline-color has-vivid-cyan-blue-color\"><strong>Sportboot-<\/strong><\/span><\/h1>\n\n\n\n<h1 class=\"wp-block-heading has-text-align-center\" style=\"font-size:50px\"><span style=\"background-color:rgba(0, 0, 0, 0)\" class=\"has-inline-color has-vivid-cyan-blue-color\"><strong>f\u00fchrerschein<\/strong><\/span><\/h1>\n\n\n\n<h1 class=\"wp-block-heading has-text-align-center\" style=\"font-size:50px\"><br><span class=\"has-inline-color has-vivid-cyan-blue-color\"><strong>See \/ K\u00fcste<\/strong><\/span><\/h1>\n\n\n\n<p class=\"has-text-align-center\" style=\"font-size:19px\">Der Sportbootf\u00fchrerschein mit dem Geltungsbereich Seeschifffahrtsstra\u00dfen ist ein amtlicher Schein, der zum F\u00fchren von Sportbooten mit Antriebsmaschine von mehr als 15 PS auf den Seeschifffahrtsstra\u00dfen vorgeschrieben ist. Er gilt auf dem K\u00fcstenmeer der deutschen Nord- und Ostsee, auf der Eider, dem Nord-Ostsee Kanal und den Fl\u00fcssen Elbe\/Weser\/ Ems bis zu den gro\u00dfen Hafenst\u00e4dten ohne L\u00e4ngenbegrenzung und wird weltweit anerkannt.<\/p>\n\n\n\n<p class=\"has-text-align-center has-vivid-red-color has-text-color\" style=\"font-size:25px\"><strong>Den Sportbootf\u00fchrerschein kann man bei mir in Online-Kursen erwerben! <\/strong><\/p>\n\n\n\n<p class=\"has-text-align-center\" style=\"font-size:24px\"><strong>Keiner muss zum Ausbildungsort fahren! Alles bequem von zu Hause aus!<\/strong><\/p>\n\n\n\n<p><\/p>\n\n\n\n<p><\/p>\n\n\n\n<p class=\"has-text-align-center\">++++++++++++++++++++++++++++++++++++++++++++++++++++++++++++++++<\/p>\n\n\n\n<p><\/p>\n\n\n\n<p><br><\/p>\n\n\n\n<h1 class=\"wp-block-heading has-text-align-center\" style=\"font-size:60px\"><strong><span class=\"has-inline-color has-vivid-green-cyan-color\">SBF-Binnen<\/span><\/strong><\/h1>\n\n\n\n<p><\/p>\n\n\n\n<p class=\"has-text-align-center\">Der Sportbootf\u00fchrerschein-Binnen <br>gilt auf den Binnenwasserstra\u00dfen der Bundesrepublik Deutschland. <br>Auch er wird weltweit anerkannt. <br>Wenn man schon den Sportbootf\u00fchrerschein-See hat, <br>braucht man f\u00fcr den Binnenf\u00fchrerschein keine praktische Pr\u00fcfung mehr <br> und die ersten 72 Fragen des Fragenkataloges Binnen entfallen!<\/p>\n\n\n\n<p class=\"has-text-align-center\" style=\"font-size:18px\"><strong>++++++++++++++++++++++++++++++++++++++++++++++++++++++++++++++++<\/strong><\/p>\n\n\n\n<p>.<\/p>\n\n\n\n<p class=\"has-text-align-center has-medium-font-size\"><\/p>\n\n\n\n<p><strong>Und wenn man dann fertig ist, kann man so ne tolle Aussicht genie\u00dfen!<\/strong><\/p>\n\n\n\n<figure class=\"wp-block-image size-large\"><img loading=\"lazy\" decoding=\"async\" width=\"800\" height=\"600\" src=\"http:\/\/jachtservice-junior.de\/wp-content\/uploads\/2020\/04\/2014-von-Hooge-nach-F\u00f6hr.jpg\" alt=\"\" class=\"wp-image-260\" srcset=\"https:\/\/www.jachtservice-junior.de\/wp-content\/uploads\/2020\/04\/2014-von-Hooge-nach-F\u00f6hr.jpg 800w, https:\/\/www.jachtservice-junior.de\/wp-content\/uploads\/2020\/04\/2014-von-Hooge-nach-F\u00f6hr-300x225.jpg 300w, https:\/\/www.jachtservice-junior.de\/wp-content\/uploads\/2020\/04\/2014-von-Hooge-nach-F\u00f6hr-768x576.jpg 768w\" sizes=\"(max-width: 800px) 100vw, 800px\" \/><\/figure>\n\n\n\n<p><\/p>\n","protected":false},"excerpt":{"rendered":"<p>Die Kurse finden in Form von &#8222;hybridem Unterricht&#8220; auf der bew\u00e4hrten Internet-Plattform ZOOM statt. Wie Pr\u00e4senzunterricht; K\u00f6nnen Sie ganz individuell fragen: Ich gebe die entsprechenden Antworten. Bei den Navigationsaufgaben k\u00f6nnen<\/p>\n","protected":false},"author":1,"featured_media":0,"parent":0,"menu_order":0,"comment_status":"closed","ping_status":"closed","template":"","meta":{"footnotes":""},"class_list":["post-138","page","type-page","status-publish","hentry"],"_links":{"self":[{"href":"https:\/\/www.jachtservice-junior.de\/index.php\/wp-json\/wp\/v2\/pages\/138"}],"collection":[{"href":"https:\/\/www.jachtservice-junior.de\/index.php\/wp-json\/wp\/v2\/pages"}],"about":[{"href":"https:\/\/www.jachtservice-junior.de\/index.php\/wp-json\/wp\/v2\/types\/page"}],"author":[{"embeddable":true,"href":"https:\/\/www.jachtservice-junior.de\/index.php\/wp-json\/wp\/v2\/users\/1"}],"replies":[{"embeddable":true,"href":"https:\/\/www.jachtservice-junior.de\/index.php\/wp-json\/wp\/v2\/comments?post=138"}],"version-history":[{"count":290,"href":"https:\/\/www.jachtservice-junior.de\/index.php\/wp-json\/wp\/v2\/pages\/138\/revisions"}],"predecessor-version":[{"id":1568,"href":"https:\/\/www.jachtservice-junior.de\/index.php\/wp-json\/wp\/v2\/pages\/138\/revisions\/1568"}],"wp:attachment":[{"href":"https:\/\/www.jachtservice-junior.de\/index.php\/wp-json\/wp\/v2\/media?parent=138"}],"curies":[{"name":"wp","href":"https:\/\/api.w.org\/{rel}","templated":true}]}}